{"id":1015,"date":"2020-07-25T22:50:44","date_gmt":"2020-07-25T20:50:44","guid":{"rendered":"http:\/\/www.fillesdelacroix-jeunes.com\/?page_id=1015"},"modified":"2024-12-04T18:19:58","modified_gmt":"2024-12-04T17:19:58","slug":"pret-a-prier","status":"publish","type":"page","link":"https:\/\/www.fillesdelacroix-jeunes.com\/index.php\/pret-a-prier\/","title":{"rendered":"Pr\u00eat-\u00e0-prier"},"content":{"rendered":"\t\t<div data-elementor-type=\"wp-page\" data-elementor-id=\"1015\" class=\"elementor elementor-1015\">\n\t\t\t\t\t\t<section class=\"elementor-section elementor-top-section elementor-element elementor-element-aae12be elementor-section-boxed elementor-section-height-default elementor-section-height-default\" data-id=\"aae12be\" data-element_type=\"section\" data-e-type=\"section\">\n\t\t\t\t\t\t<div class=\"elementor-container elementor-column-gap-default\">\n\t\t\t\t\t<div class=\"elementor-column elementor-col-100 elementor-top-column elementor-element elementor-element-0cd1daf\" data-id=\"0cd1daf\" data-element_type=\"column\" data-e-type=\"column\">\n\t\t\t<div class=\"elementor-widget-wrap elementor-element-populated\">\n\t\t\t\t\t\t<div class=\"elementor-element elementor-element-2d1eb6a elementor-widget elementor-widget-heading\" data-id=\"2d1eb6a\" data-element_type=\"widget\" data-e-type=\"widget\" data-widget_type=\"heading.default\">\n\t\t\t\t<div class=\"elementor-widget-container\">\n\t\t\t\t\t<h2 class=\"elementor-heading-title elementor-size-default\">Pr\u00eat-\u00e0-prier<\/h2>\t\t\t\t<\/div>\n\t\t\t\t<\/div>\n\t\t\t\t\t<\/div>\n\t\t<\/div>\n\t\t\t\t\t<\/div>\n\t\t<\/section>\n\t\t\t\t<section class=\"elementor-section elementor-top-section elementor-element elementor-element-7ffe95d elementor-section-boxed elementor-section-height-default elementor-section-height-default\" data-id=\"7ffe95d\" data-element_type=\"section\" data-e-type=\"section\">\n\t\t\t\t\t\t<div class=\"elementor-container elementor-column-gap-default\">\n\t\t\t\t\t<div class=\"elementor-column elementor-col-100 elementor-top-column elementor-element elementor-element-f2ef196\" data-id=\"f2ef196\" data-element_type=\"column\" data-e-type=\"column\">\n\t\t\t<div class=\"elementor-widget-wrap elementor-element-populated\">\n\t\t\t\t\t\t<div class=\"elementor-element elementor-element-856c540 elementor-widget elementor-widget-text-editor\" data-id=\"856c540\" data-element_type=\"widget\" data-e-type=\"widget\" data-widget_type=\"text-editor.default\">\n\t\t\t\t<div class=\"elementor-widget-container\">\n\t\t\t\t\t\t\t\t\t<div>Chaque mois, avec l\u2019Evangile du dimanche suivant la diffusion, prends un temps de pri\u00e8re de l\u00e0 o\u00f9 tu es. <\/div><div>En communion avec d\u2019autres jeunes, des soeurs Filles de la Croix, des amis.<\/div>\t\t\t\t\t\t\t\t<\/div>\n\t\t\t\t<\/div>\n\t\t\t\t\t<\/div>\n\t\t<\/div>\n\t\t\t\t\t<\/div>\n\t\t<\/section>\n\t\t\t\t<section class=\"elementor-section elementor-top-section elementor-element elementor-element-7ca5397 elementor-section-boxed elementor-section-height-default elementor-section-height-default\" data-id=\"7ca5397\" data-element_type=\"section\" data-e-type=\"section\">\n\t\t\t\t\t\t<div class=\"elementor-container elementor-column-gap-default\">\n\t\t\t\t\t<div class=\"elementor-column elementor-col-100 elementor-top-column elementor-element elementor-element-df62bbd\" data-id=\"df62bbd\" data-element_type=\"column\" data-e-type=\"column\">\n\t\t\t<div class=\"elementor-widget-wrap elementor-element-populated\">\n\t\t\t\t\t\t<div class=\"elementor-element elementor-element-a94c1be elementor-widget elementor-widget-wp-widget-eaw-recent-posts-plus\" data-id=\"a94c1be\" data-element_type=\"widget\" data-e-type=\"widget\" data-widget_type=\"wp-widget-eaw-recent-posts-plus.default\">\n\t\t\t\t<div class=\"elementor-widget-container\">\n\t\t\t\t\t\t\t\t\t<div class=\"eaw-recent-posts\">\n\t\t\t\t\t<img fetchpriority=\"high\" decoding=\"async\" width=\"300\" height=\"169\" src=\"https:\/\/www.fillesdelacroix-jeunes.com\/wp-content\/uploads\/2020\/09\/youtube_pretaprier-1-300x169.jpg\" class=\"attachment-medium size-medium wp-post-image\" alt=\"\" srcset=\"https:\/\/www.fillesdelacroix-jeunes.com\/wp-content\/uploads\/2020\/09\/youtube_pretaprier-1-300x169.jpg 300w, https:\/\/www.fillesdelacroix-jeunes.com\/wp-content\/uploads\/2020\/09\/youtube_pretaprier-1-1024x576.jpg 1024w, https:\/\/www.fillesdelacroix-jeunes.com\/wp-content\/uploads\/2020\/09\/youtube_pretaprier-1-768x432.jpg 768w, https:\/\/www.fillesdelacroix-jeunes.com\/wp-content\/uploads\/2020\/09\/youtube_pretaprier-1.jpg 1280w\" sizes=\"(max-width: 300px) 100vw, 300px\" \/>\t\t\t\t\t<div class=\"eaw-content\">\n\t\t\t\t\t\t<h3><a href=\"https:\/\/www.fillesdelacroix-jeunes.com\/index.php\/2021\/06\/13\/pret-a-prier-special-beatification-de-soeur-maria-laura-juin-2021\/\">Pr\u00eat-\u00e0-prier \u2013 Sp\u00e9cial B\u00e9atification de Soeur Maria Laura (juin 2021)<\/a>\n\t\t\t\t\t\t<\/h3>\n\t\t\t\t\t\t<p>\n\t\t\t\t\t\t\tCe 6 juin 2021, a eu lieu la b\u00e9atification de notre S\u0153ur Maria Laura Mainetti. L\u2019Eglise reconnait bienheureuse notre S\u0153ur. &hellip;\t\t\t\t\t\t<\/p>\n\t\t\t\t\t<\/div>\n\t\t\t\t<\/div>\n\t\t\t\t\t\t\t\t<div class=\"eaw-recent-posts\">\n\t\t\t\t\t<img fetchpriority=\"high\" decoding=\"async\" width=\"300\" height=\"169\" src=\"https:\/\/www.fillesdelacroix-jeunes.com\/wp-content\/uploads\/2020\/09\/youtube_pretaprier-1-300x169.jpg\" class=\"attachment-medium size-medium wp-post-image\" alt=\"\" srcset=\"https:\/\/www.fillesdelacroix-jeunes.com\/wp-content\/uploads\/2020\/09\/youtube_pretaprier-1-300x169.jpg 300w, https:\/\/www.fillesdelacroix-jeunes.com\/wp-content\/uploads\/2020\/09\/youtube_pretaprier-1-1024x576.jpg 1024w, https:\/\/www.fillesdelacroix-jeunes.com\/wp-content\/uploads\/2020\/09\/youtube_pretaprier-1-768x432.jpg 768w, https:\/\/www.fillesdelacroix-jeunes.com\/wp-content\/uploads\/2020\/09\/youtube_pretaprier-1.jpg 1280w\" sizes=\"(max-width: 300px) 100vw, 300px\" \/>\t\t\t\t\t<div class=\"eaw-content\">\n\t\t\t\t\t\t<h3><a href=\"https:\/\/www.fillesdelacroix-jeunes.com\/index.php\/2021\/05\/19\/pret-a-prier-pentecote-2021\/\">Pr\u00eat-\u00e0-prier \u2013 Pentec\u00f4te 2021<\/a>\n\t\t\t\t\t\t<\/h3>\n\t\t\t\t\t\t<p>\n\t\t\t\t\t\t\t&quot;Et vous aussi, vous allez rendre t\u00e9moignage.&quot;\t\t\t\t\t\t<\/p>\n\t\t\t\t\t<\/div>\n\t\t\t\t<\/div>\n\t\t\t\t\t\t\t\t<div class=\"eaw-recent-posts\">\n\t\t\t\t\t<img fetchpriority=\"high\" decoding=\"async\" width=\"300\" height=\"169\" src=\"https:\/\/www.fillesdelacroix-jeunes.com\/wp-content\/uploads\/2020\/09\/youtube_pretaprier-1-300x169.jpg\" class=\"attachment-medium size-medium wp-post-image\" alt=\"\" srcset=\"https:\/\/www.fillesdelacroix-jeunes.com\/wp-content\/uploads\/2020\/09\/youtube_pretaprier-1-300x169.jpg 300w, https:\/\/www.fillesdelacroix-jeunes.com\/wp-content\/uploads\/2020\/09\/youtube_pretaprier-1-1024x576.jpg 1024w, https:\/\/www.fillesdelacroix-jeunes.com\/wp-content\/uploads\/2020\/09\/youtube_pretaprier-1-768x432.jpg 768w, https:\/\/www.fillesdelacroix-jeunes.com\/wp-content\/uploads\/2020\/09\/youtube_pretaprier-1.jpg 1280w\" sizes=\"(max-width: 300px) 100vw, 300px\" \/>\t\t\t\t\t<div class=\"eaw-content\">\n\t\t\t\t\t\t<h3><a href=\"https:\/\/www.fillesdelacroix-jeunes.com\/index.php\/2021\/04\/03\/pret-a-prier-paques-2021\/\">Pr\u00eat-\u00e0-prier \u2013 P\u00e2ques 2021<\/a>\n\t\t\t\t\t\t<\/h3>\n\t\t\t\t\t\t<p>\n\t\t\t\t\t\t\t\u00ab Il vit, et il crut. \u00bb\t\t\t\t\t\t<\/p>\n\t\t\t\t\t<\/div>\n\t\t\t\t<\/div>\n\t\t\t\t\t\t\t\t<div class=\"eaw-recent-posts\">\n\t\t\t\t\t<img fetchpriority=\"high\" decoding=\"async\" width=\"300\" height=\"169\" src=\"https:\/\/www.fillesdelacroix-jeunes.com\/wp-content\/uploads\/2020\/09\/youtube_pretaprier-1-300x169.jpg\" class=\"attachment-medium size-medium wp-post-image\" alt=\"\" srcset=\"https:\/\/www.fillesdelacroix-jeunes.com\/wp-content\/uploads\/2020\/09\/youtube_pretaprier-1-300x169.jpg 300w, https:\/\/www.fillesdelacroix-jeunes.com\/wp-content\/uploads\/2020\/09\/youtube_pretaprier-1-1024x576.jpg 1024w, https:\/\/www.fillesdelacroix-jeunes.com\/wp-content\/uploads\/2020\/09\/youtube_pretaprier-1-768x432.jpg 768w, https:\/\/www.fillesdelacroix-jeunes.com\/wp-content\/uploads\/2020\/09\/youtube_pretaprier-1.jpg 1280w\" sizes=\"(max-width: 300px) 100vw, 300px\" \/>\t\t\t\t\t<div class=\"eaw-content\">\n\t\t\t\t\t\t<h3><a href=\"https:\/\/www.fillesdelacroix-jeunes.com\/index.php\/2021\/03\/16\/pret-a-prier-mars-2021\/\">Pr\u00eat-\u00e0-prier \u2013 mars 2021<\/a>\n\t\t\t\t\t\t<\/h3>\n\t\t\t\t\t\t<p>\n\t\t\t\t\t\t\t\u00ab Si le grain de bl\u00e9 tomb\u00e9 en terre ne meurt pas, il reste seul ; mais s\u2019il meurt, il &hellip;\t\t\t\t\t\t<\/p>\n\t\t\t\t\t<\/div>\n\t\t\t\t<\/div>\n\t\t\t\t\t\t\t\t<div class=\"eaw-recent-posts\">\n\t\t\t\t\t<img fetchpriority=\"high\" decoding=\"async\" width=\"300\" height=\"169\" src=\"https:\/\/www.fillesdelacroix-jeunes.com\/wp-content\/uploads\/2020\/09\/youtube_pretaprier-1-300x169.jpg\" class=\"attachment-medium size-medium wp-post-image\" alt=\"\" srcset=\"https:\/\/www.fillesdelacroix-jeunes.com\/wp-content\/uploads\/2020\/09\/youtube_pretaprier-1-300x169.jpg 300w, https:\/\/www.fillesdelacroix-jeunes.com\/wp-content\/uploads\/2020\/09\/youtube_pretaprier-1-1024x576.jpg 1024w, https:\/\/www.fillesdelacroix-jeunes.com\/wp-content\/uploads\/2020\/09\/youtube_pretaprier-1-768x432.jpg 768w, https:\/\/www.fillesdelacroix-jeunes.com\/wp-content\/uploads\/2020\/09\/youtube_pretaprier-1.jpg 1280w\" sizes=\"(max-width: 300px) 100vw, 300px\" \/>\t\t\t\t\t<div class=\"eaw-content\">\n\t\t\t\t\t\t<h3><a href=\"https:\/\/www.fillesdelacroix-jeunes.com\/index.php\/2021\/02\/10\/pret-a-prier-fevrier-2021\/\">Pr\u00eat-\u00e0-prier \u2013 f\u00e9vrier 2021<\/a>\n\t\t\t\t\t\t<\/h3>\n\t\t\t\t\t\t<p>\n\t\t\t\t\t\t\t\u00ab Ton P\u00e8re voit ce que tu fais dans le secret: il te le revaudra\u00bb\t\t\t\t\t\t<\/p>\n\t\t\t\t\t<\/div>\n\t\t\t\t<\/div>\n\t\t\t\t\t\t\t\t<div class=\"eaw-recent-posts\">\n\t\t\t\t\t<img fetchpriority=\"high\" decoding=\"async\" width=\"300\" height=\"169\" src=\"https:\/\/www.fillesdelacroix-jeunes.com\/wp-content\/uploads\/2020\/09\/youtube_pretaprier-1-300x169.jpg\" class=\"attachment-medium size-medium wp-post-image\" alt=\"\" srcset=\"https:\/\/www.fillesdelacroix-jeunes.com\/wp-content\/uploads\/2020\/09\/youtube_pretaprier-1-300x169.jpg 300w, https:\/\/www.fillesdelacroix-jeunes.com\/wp-content\/uploads\/2020\/09\/youtube_pretaprier-1-1024x576.jpg 1024w, https:\/\/www.fillesdelacroix-jeunes.com\/wp-content\/uploads\/2020\/09\/youtube_pretaprier-1-768x432.jpg 768w, https:\/\/www.fillesdelacroix-jeunes.com\/wp-content\/uploads\/2020\/09\/youtube_pretaprier-1.jpg 1280w\" sizes=\"(max-width: 300px) 100vw, 300px\" \/>\t\t\t\t\t<div class=\"eaw-content\">\n\t\t\t\t\t\t<h3><a href=\"https:\/\/www.fillesdelacroix-jeunes.com\/index.php\/2021\/01\/19\/pret-a-prier-janvier-2021\/\">Pr\u00eat-\u00e0-prier \u2013 janvier 2021<\/a>\n\t\t\t\t\t\t<\/h3>\n\t\t\t\t\t\t<p>\n\t\t\t\t\t\t\t\u00ab Convertissez-vous et croyez \u00e0 l\u2019\u00c9vangile \u00bb\t\t\t\t\t\t<\/p>\n\t\t\t\t\t<\/div>\n\t\t\t\t<\/div>\n\t\t\t\t\t\t\t\t<div class=\"eaw-recent-posts\">\n\t\t\t\t\t<img fetchpriority=\"high\" decoding=\"async\" width=\"300\" height=\"169\" src=\"https:\/\/www.fillesdelacroix-jeunes.com\/wp-content\/uploads\/2020\/09\/youtube_pretaprier-1-300x169.jpg\" class=\"attachment-medium size-medium wp-post-image\" alt=\"\" srcset=\"https:\/\/www.fillesdelacroix-jeunes.com\/wp-content\/uploads\/2020\/09\/youtube_pretaprier-1-300x169.jpg 300w, https:\/\/www.fillesdelacroix-jeunes.com\/wp-content\/uploads\/2020\/09\/youtube_pretaprier-1-1024x576.jpg 1024w, https:\/\/www.fillesdelacroix-jeunes.com\/wp-content\/uploads\/2020\/09\/youtube_pretaprier-1-768x432.jpg 768w, https:\/\/www.fillesdelacroix-jeunes.com\/wp-content\/uploads\/2020\/09\/youtube_pretaprier-1.jpg 1280w\" sizes=\"(max-width: 300px) 100vw, 300px\" \/>\t\t\t\t\t<div class=\"eaw-content\">\n\t\t\t\t\t\t<h3><a href=\"https:\/\/www.fillesdelacroix-jeunes.com\/index.php\/2020\/12\/15\/pret-a-prier-decembre-2020\/\">Pr\u00eat-\u00e0-prier \u2013 d\u00e9cembre 2020<\/a>\n\t\t\t\t\t\t<\/h3>\n\t\t\t\t\t\t<p>\n\t\t\t\t\t\t\t\u00ab Voici la servante du Seigneur ; que tout m\u2019advienne selon ta parole. \u00bb\t\t\t\t\t\t<\/p>\n\t\t\t\t\t<\/div>\n\t\t\t\t<\/div>\n\t\t\t\t\t\t\t\t<div class=\"eaw-recent-posts\">\n\t\t\t\t\t<img fetchpriority=\"high\" decoding=\"async\" width=\"300\" height=\"169\" src=\"https:\/\/www.fillesdelacroix-jeunes.com\/wp-content\/uploads\/2020\/09\/youtube_pretaprier-1-300x169.jpg\" class=\"attachment-medium size-medium wp-post-image\" alt=\"\" srcset=\"https:\/\/www.fillesdelacroix-jeunes.com\/wp-content\/uploads\/2020\/09\/youtube_pretaprier-1-300x169.jpg 300w, https:\/\/www.fillesdelacroix-jeunes.com\/wp-content\/uploads\/2020\/09\/youtube_pretaprier-1-1024x576.jpg 1024w, https:\/\/www.fillesdelacroix-jeunes.com\/wp-content\/uploads\/2020\/09\/youtube_pretaprier-1-768x432.jpg 768w, https:\/\/www.fillesdelacroix-jeunes.com\/wp-content\/uploads\/2020\/09\/youtube_pretaprier-1.jpg 1280w\" sizes=\"(max-width: 300px) 100vw, 300px\" \/>\t\t\t\t\t<div class=\"eaw-content\">\n\t\t\t\t\t\t<h3><a href=\"https:\/\/www.fillesdelacroix-jeunes.com\/index.php\/2020\/11\/18\/pret-a-prier-novembre-2020\/\">Pr\u00eat-\u00e0-prier \u2013 novembre 2020<\/a>\n\t\t\t\t\t\t<\/h3>\n\t\t\t\t\t\t<p>\n\t\t\t\t\t\t\tChaque mois, avec l\u2019Evangile du dimanche suivant la diffusion, prends un temps de pri\u00e8re de l\u00e0 o\u00f9 tu es. En &hellip;\t\t\t\t\t\t<\/p>\n\t\t\t\t\t<\/div>\n\t\t\t\t<\/div>\n\t\t\t\t\t\t\t\t<div class=\"eaw-recent-posts\">\n\t\t\t\t\t<img fetchpriority=\"high\" decoding=\"async\" width=\"300\" height=\"169\" src=\"https:\/\/www.fillesdelacroix-jeunes.com\/wp-content\/uploads\/2020\/09\/youtube_pretaprier-1-300x169.jpg\" class=\"attachment-medium size-medium wp-post-image\" alt=\"\" srcset=\"https:\/\/www.fillesdelacroix-jeunes.com\/wp-content\/uploads\/2020\/09\/youtube_pretaprier-1-300x169.jpg 300w, https:\/\/www.fillesdelacroix-jeunes.com\/wp-content\/uploads\/2020\/09\/youtube_pretaprier-1-1024x576.jpg 1024w, https:\/\/www.fillesdelacroix-jeunes.com\/wp-content\/uploads\/2020\/09\/youtube_pretaprier-1-768x432.jpg 768w, https:\/\/www.fillesdelacroix-jeunes.com\/wp-content\/uploads\/2020\/09\/youtube_pretaprier-1.jpg 1280w\" sizes=\"(max-width: 300px) 100vw, 300px\" \/>\t\t\t\t\t<div class=\"eaw-content\">\n\t\t\t\t\t\t<h3><a href=\"https:\/\/www.fillesdelacroix-jeunes.com\/index.php\/2020\/10\/20\/pret-a-prier-octobre-2020\/\">Pr\u00eat-\u00e0-prier \u2013 octobre 2020<\/a>\n\t\t\t\t\t\t<\/h3>\n\t\t\t\t\t\t<p>\n\t\t\t\t\t\t\tChaque mois, avec l\u2019Evangile du dimanche suivant la diffusion, prends un temps de pri\u00e8re de l\u00e0 o\u00f9 tu es. En &hellip;\t\t\t\t\t\t<\/p>\n\t\t\t\t\t<\/div>\n\t\t\t\t<\/div>\n\t\t\t\t\t\t\t\t<div class=\"eaw-recent-posts\">\n\t\t\t\t\t<img decoding=\"async\" width=\"300\" height=\"169\" src=\"https:\/\/www.fillesdelacroix-jeunes.com\/wp-content\/uploads\/2020\/09\/youtube_pretaprier-300x169.jpg\" class=\"attachment-medium size-medium wp-post-image\" alt=\"\" srcset=\"https:\/\/www.fillesdelacroix-jeunes.com\/wp-content\/uploads\/2020\/09\/youtube_pretaprier-300x169.jpg 300w, https:\/\/www.fillesdelacroix-jeunes.com\/wp-content\/uploads\/2020\/09\/youtube_pretaprier-1024x576.jpg 1024w, https:\/\/www.fillesdelacroix-jeunes.com\/wp-content\/uploads\/2020\/09\/youtube_pretaprier-768x432.jpg 768w, https:\/\/www.fillesdelacroix-jeunes.com\/wp-content\/uploads\/2020\/09\/youtube_pretaprier.jpg 1280w\" sizes=\"(max-width: 300px) 100vw, 300px\" \/>\t\t\t\t\t<div class=\"eaw-content\">\n\t\t\t\t\t\t<h3><a href=\"https:\/\/www.fillesdelacroix-jeunes.com\/index.php\/2020\/09\/26\/pret-a-prier-septembre-2020\/\">Pr\u00eat-\u00e0-prier &#8211; septembre 2020<\/a>\n\t\t\t\t\t\t<\/h3>\n\t\t\t\t\t\t<p>\n\t\t\t\t\t\t\tChaque mois, avec l&rsquo;Evangile du dimanche suivant la diffusion, prends un temps de pri\u00e8re de l\u00e0 o\u00f9 tu es. En &hellip;\t\t\t\t\t\t<\/p>\n\t\t\t\t\t<\/div>\n\t\t\t\t<\/div>\n\t\t\t\t\t\t\t\t<\/div>\n\t\t\t\t<\/div>\n\t\t\t\t\t<\/div>\n\t\t<\/div>\n\t\t\t\t\t<\/div>\n\t\t<\/section>\n\t\t\t\t<\/div>\n\t\t","protected":false},"excerpt":{"rendered":"<p>Pr\u00eat-\u00e0-prier Chaque mois, avec l\u2019Evangile du dimanche suivant la diffusion, prends un temps de pri\u00e8re de l\u00e0 o\u00f9 tu es. En communion avec d\u2019autres jeunes, des soeurs Filles de la [&hellip;]<\/p>\n","protected":false},"author":2,"featured_media":0,"parent":0,"menu_order":0,"comment_status":"closed","ping_status":"closed","template":"","meta":{"_price":"","_stock":"","_tribe_ticket_header":"","_tribe_default_ticket_provider":"","_tribe_ticket_capacity":"0","_ticket_start_date":"","_ticket_end_date":"","_tribe_ticket_show_description":"","_tribe_ticket_show_not_going":false,"_tribe_ticket_use_global_stock":"","_tribe_ticket_global_stock_level":"","_global_stock_mode":"","_global_stock_cap":"","_tribe_rsvp_for_event":"","_tribe_ticket_going_count":"","_tribe_ticket_not_going_count":"","_tribe_tickets_list":"[]","_tribe_ticket_has_attendee_info_fields":false,"cybocfi_hide_featured_image":"","footnotes":"","_tec_slr_enabled":"","_tec_slr_layout":""},"class_list":["post-1015","page","type-page","status-publish","hentry"],"ticketed":false,"_links":{"self":[{"href":"https:\/\/www.fillesdelacroix-jeunes.com\/index.php\/wp-json\/wp\/v2\/pages\/1015","targetHints":{"allow":["GET"]}}],"collection":[{"href":"https:\/\/www.fillesdelacroix-jeunes.com\/index.php\/wp-json\/wp\/v2\/pages"}],"about":[{"href":"https:\/\/www.fillesdelacroix-jeunes.com\/index.php\/wp-json\/wp\/v2\/types\/page"}],"author":[{"embeddable":true,"href":"https:\/\/www.fillesdelacroix-jeunes.com\/index.php\/wp-json\/wp\/v2\/users\/2"}],"replies":[{"embeddable":true,"href":"https:\/\/www.fillesdelacroix-jeunes.com\/index.php\/wp-json\/wp\/v2\/comments?post=1015"}],"version-history":[{"count":9,"href":"https:\/\/www.fillesdelacroix-jeunes.com\/index.php\/wp-json\/wp\/v2\/pages\/1015\/revisions"}],"predecessor-version":[{"id":28350,"href":"https:\/\/www.fillesdelacroix-jeunes.com\/index.php\/wp-json\/wp\/v2\/pages\/1015\/revisions\/28350"}],"wp:attachment":[{"href":"https:\/\/www.fillesdelacroix-jeunes.com\/index.php\/wp-json\/wp\/v2\/media?parent=1015"}],"curies":[{"name":"wp","href":"https:\/\/api.w.org\/{rel}","templated":true}]}}