{"id":27940,"date":"2022-06-01T14:06:36","date_gmt":"2022-06-01T12:06:36","guid":{"rendered":"https:\/\/www.fillesdelacroix-jeunes.com\/?page_id=27940"},"modified":"2022-07-19T21:25:22","modified_gmt":"2022-07-19T19:25:22","slug":"podcast-2","status":"publish","type":"page","link":"https:\/\/www.fillesdelacroix-jeunes.com\/index.php\/podcast-2\/","title":{"rendered":"Podcast"},"content":{"rendered":"\t\t<div data-elementor-type=\"wp-page\" data-elementor-id=\"27940\" class=\"elementor elementor-27940\">\n\t\t\t\t\t\t<section class=\"elementor-section elementor-top-section elementor-element elementor-element-36b0b68 elementor-section-boxed elementor-section-height-default elementor-section-height-default\" data-id=\"36b0b68\" data-element_type=\"section\" data-e-type=\"section\">\n\t\t\t\t\t\t<div class=\"elementor-container elementor-column-gap-default\">\n\t\t\t\t\t<div class=\"elementor-column elementor-col-100 elementor-top-column elementor-element elementor-element-38fdadc\" data-id=\"38fdadc\" data-element_type=\"column\" data-e-type=\"column\">\n\t\t\t<div class=\"elementor-widget-wrap elementor-element-populated\">\n\t\t\t\t\t\t<div class=\"elementor-element elementor-element-cbf167a elementor-widget elementor-widget-heading\" data-id=\"cbf167a\" data-element_type=\"widget\" data-e-type=\"widget\" data-widget_type=\"heading.default\">\n\t\t\t\t<div class=\"elementor-widget-container\">\n\t\t\t\t\t<h2 class=\"elementor-heading-title elementor-size-default\">PODCAST - Esprit &amp; Vie - Quand les soeurs racontent...<\/h2>\t\t\t\t<\/div>\n\t\t\t\t<\/div>\n\t\t\t\t\t<\/div>\n\t\t<\/div>\n\t\t\t\t\t<\/div>\n\t\t<\/section>\n\t\t\t\t<section class=\"elementor-section elementor-top-section elementor-element elementor-element-6d2b346 elementor-section-boxed elementor-section-height-default elementor-section-height-default\" data-id=\"6d2b346\" data-element_type=\"section\" data-e-type=\"section\">\n\t\t\t\t\t\t<div class=\"elementor-container elementor-column-gap-default\">\n\t\t\t\t\t<div class=\"elementor-column elementor-col-100 elementor-top-column elementor-element elementor-element-cfc0649\" data-id=\"cfc0649\" data-element_type=\"column\" data-e-type=\"column\">\n\t\t\t<div class=\"elementor-widget-wrap elementor-element-populated\">\n\t\t\t\t\t\t<div class=\"elementor-element elementor-element-519d5dd elementor-widget elementor-widget-text-editor\" data-id=\"519d5dd\" data-element_type=\"widget\" data-e-type=\"widget\" data-widget_type=\"text-editor.default\">\n\t\t\t\t<div class=\"elementor-widget-container\">\n\t\t\t\t\t\t\t\t\t<p>Retrouve r\u00e9guli\u00e8rement une soeur, Fille de la Croix, qui se raconte. En v\u00e9rit\u00e9, en humilit\u00e9.<br>Son parcours, sa vie de foi, sa relation aux jeunes, etc.<\/p>\t\t\t\t\t\t\t\t<\/div>\n\t\t\t\t<\/div>\n\t\t\t\t\t<\/div>\n\t\t<\/div>\n\t\t\t\t\t<\/div>\n\t\t<\/section>\n\t\t\t\t<section class=\"elementor-section elementor-top-section elementor-element elementor-element-5357a99 elementor-section-boxed elementor-section-height-default elementor-section-height-default\" data-id=\"5357a99\" data-element_type=\"section\" data-e-type=\"section\">\n\t\t\t\t\t\t<div class=\"elementor-container elementor-column-gap-default\">\n\t\t\t\t\t<div class=\"elementor-column elementor-col-100 elementor-top-column elementor-element elementor-element-d2c7ab3\" data-id=\"d2c7ab3\" data-element_type=\"column\" data-e-type=\"column\">\n\t\t\t<div class=\"elementor-widget-wrap elementor-element-populated\">\n\t\t\t\t\t\t<div class=\"elementor-element elementor-element-4cb6885 elementor-widget elementor-widget-wp-widget-rssfp_lib\" data-id=\"4cb6885\" data-element_type=\"widget\" data-e-type=\"widget\" data-widget_type=\"wp-widget-rssfp_lib.default\">\n\t\t\t\t<div class=\"elementor-widget-container\">\n\t\t\t\t\t<h5>&nbsp;<\/h5><div class=\"rssfp-items-wrapper\"><\/div>\t\t\t\t<\/div>\n\t\t\t\t<\/div>\n\t\t\t\t\t<\/div>\n\t\t<\/div>\n\t\t\t\t\t<\/div>\n\t\t<\/section>\n\t\t\t\t<section class=\"elementor-section elementor-top-section elementor-element elementor-element-942336f elementor-section-boxed elementor-section-height-default elementor-section-height-default\" data-id=\"942336f\" data-element_type=\"section\" data-e-type=\"section\">\n\t\t\t\t\t\t<div class=\"elementor-container elementor-column-gap-default\">\n\t\t\t\t\t<div class=\"elementor-column elementor-col-50 elementor-top-column elementor-element elementor-element-aa1a5bf\" data-id=\"aa1a5bf\" data-element_type=\"column\" data-e-type=\"column\">\n\t\t\t<div class=\"elementor-widget-wrap elementor-element-populated\">\n\t\t\t\t\t\t<div class=\"elementor-element elementor-element-7957361 elementor-widget elementor-widget-image\" data-id=\"7957361\" data-element_type=\"widget\" data-e-type=\"widget\" data-widget_type=\"image.default\">\n\t\t\t\t<div class=\"elementor-widget-container\">\n\t\t\t\t\t\t\t\t\t\t\t\t\t\t\t<img fetchpriority=\"high\" decoding=\"async\" width=\"225\" height=\"300\" src=\"https:\/\/www.fillesdelacroix-jeunes.com\/wp-content\/uploads\/2022\/07\/index-225x300.jpg\" class=\"attachment-medium size-medium wp-image-28007\" alt=\"\" srcset=\"https:\/\/www.fillesdelacroix-jeunes.com\/wp-content\/uploads\/2022\/07\/index-225x300.jpg 225w, https:\/\/www.fillesdelacroix-jeunes.com\/wp-content\/uploads\/2022\/07\/index-768x1024.jpg 768w, https:\/\/www.fillesdelacroix-jeunes.com\/wp-content\/uploads\/2022\/07\/index-1152x1536.jpg 1152w, https:\/\/www.fillesdelacroix-jeunes.com\/wp-content\/uploads\/2022\/07\/index.jpg 1200w\" sizes=\"(max-width: 225px) 100vw, 225px\" \/>\t\t\t\t\t\t\t\t\t\t\t\t\t\t\t<\/div>\n\t\t\t\t<\/div>\n\t\t\t\t\t<\/div>\n\t\t<\/div>\n\t\t\t\t<div class=\"elementor-column elementor-col-50 elementor-top-column elementor-element elementor-element-be360b5\" data-id=\"be360b5\" data-element_type=\"column\" data-e-type=\"column\">\n\t\t\t<div class=\"elementor-widget-wrap elementor-element-populated\">\n\t\t\t\t\t\t<div class=\"elementor-element elementor-element-413cb27 elementor-widget elementor-widget-audio\" data-id=\"413cb27\" data-element_type=\"widget\" data-e-type=\"widget\" data-widget_type=\"audio.default\">\n\t\t\t\t<div class=\"elementor-widget-container\">\n\t\t\t\t\t\t\t\t<div class=\"elementor-soundcloud-wrapper\">\n\t\t\t\t<iframe width=\"640\" height=\"200\" frameborder=\"no\" src=\"https:\/\/w.soundcloud.com\/player\/?visual=false&#038;url=https%3A%2F%2Fapi.soundcloud.com%2Ftracks%2F1295322076&#038;show_artwork=true&#038;maxheight=960&#038;maxwidth=640&#038;auto_play=false&#038;buying=true&#038;liking=true&#038;download=true&#038;sharing=true&#038;show_comments=true&#038;show_playcount=true&#038;show_user=true&#038;color\"><\/iframe>\t\t\t<\/div>\n\t\t\t\t\t\t\t<\/div>\n\t\t\t\t<\/div>\n\t\t\t\t\t<\/div>\n\t\t<\/div>\n\t\t\t\t\t<\/div>\n\t\t<\/section>\n\t\t\t\t<section class=\"elementor-section elementor-top-section elementor-element elementor-element-5ee19f2 elementor-section-boxed elementor-section-height-default elementor-section-height-default\" data-id=\"5ee19f2\" data-element_type=\"section\" data-e-type=\"section\">\n\t\t\t\t\t\t<div class=\"elementor-container elementor-column-gap-default\">\n\t\t\t\t\t<div class=\"elementor-column elementor-col-50 elementor-top-column elementor-element elementor-element-bf3f072\" data-id=\"bf3f072\" data-element_type=\"column\" data-e-type=\"column\">\n\t\t\t<div class=\"elementor-widget-wrap elementor-element-populated\">\n\t\t\t\t\t\t<div class=\"elementor-element elementor-element-c87e6c9 elementor-widget elementor-widget-image\" data-id=\"c87e6c9\" data-element_type=\"widget\" data-e-type=\"widget\" data-widget_type=\"image.default\">\n\t\t\t\t<div class=\"elementor-widget-container\">\n\t\t\t\t\t\t\t\t\t\t\t\t\t\t\t<img decoding=\"async\" width=\"150\" height=\"150\" src=\"https:\/\/www.fillesdelacroix-jeunes.com\/wp-content\/uploads\/2022\/06\/madeleine-150x150.jpg\" class=\"attachment-thumbnail size-thumbnail wp-image-27928\" alt=\"\" \/>\t\t\t\t\t\t\t\t\t\t\t\t\t\t\t<\/div>\n\t\t\t\t<\/div>\n\t\t\t\t\t<\/div>\n\t\t<\/div>\n\t\t\t\t<div class=\"elementor-column elementor-col-50 elementor-top-column elementor-element elementor-element-9d390f0\" data-id=\"9d390f0\" data-element_type=\"column\" data-e-type=\"column\">\n\t\t\t<div class=\"elementor-widget-wrap elementor-element-populated\">\n\t\t\t\t\t\t<div class=\"elementor-element elementor-element-07423b3 elementor-widget elementor-widget-audio\" data-id=\"07423b3\" data-element_type=\"widget\" data-e-type=\"widget\" data-widget_type=\"audio.default\">\n\t\t\t\t<div class=\"elementor-widget-container\">\n\t\t\t\t\t\t\t\t<div class=\"elementor-soundcloud-wrapper\">\n\t\t\t\t<iframe width=\"640\" height=\"200\" frameborder=\"no\" src=\"https:\/\/w.soundcloud.com\/player\/?visual=false&#038;url=https%3A%2F%2Fapi.soundcloud.com%2Ftracks%2F1279038217&#038;show_artwork=true&#038;maxheight=960&#038;maxwidth=640&#038;auto_play=false&#038;buying=true&#038;liking=true&#038;download=true&#038;sharing=true&#038;show_comments=true&#038;show_playcount=true&#038;show_user=true&#038;color\"><\/iframe>\t\t\t<\/div>\n\t\t\t\t\t\t\t<\/div>\n\t\t\t\t<\/div>\n\t\t\t\t\t<\/div>\n\t\t<\/div>\n\t\t\t\t\t<\/div>\n\t\t<\/section>\n\t\t\t\t<\/div>\n\t\t","protected":false},"excerpt":{"rendered":"<p>PODCAST &#8211; Esprit &amp; Vie &#8211; Quand les soeurs racontent&#8230; Retrouve r\u00e9guli\u00e8rement une soeur, Fille de la Croix, qui se raconte. En v\u00e9rit\u00e9, en humilit\u00e9.Son parcours, sa vie de foi, [&hellip;]<\/p>\n","protected":false},"author":2,"featured_media":27928,"parent":0,"menu_order":0,"comment_status":"closed","ping_status":"closed","template":"page-templates\/template-pagebuilder-full-width.php","meta":{"_price":"","_stock":"","_tribe_ticket_header":"","_tribe_default_ticket_provider":"","_tribe_ticket_capacity":"0","_ticket_start_date":"","_ticket_end_date":"","_tribe_ticket_show_description":"","_tribe_ticket_show_not_going":false,"_tribe_ticket_use_global_stock":"","_tribe_ticket_global_stock_level":"","_global_stock_mode":"","_global_stock_cap":"","_tribe_rsvp_for_event":"","_tribe_ticket_going_count":"","_tribe_ticket_not_going_count":"","_tribe_tickets_list":"[]","_tribe_ticket_has_attendee_info_fields":false,"cybocfi_hide_featured_image":"","footnotes":"","_tec_slr_enabled":"","_tec_slr_layout":""},"class_list":["post-27940","page","type-page","status-publish","has-post-thumbnail","hentry"],"ticketed":false,"_links":{"self":[{"href":"https:\/\/www.fillesdelacroix-jeunes.com\/index.php\/wp-json\/wp\/v2\/pages\/27940","targetHints":{"allow":["GET"]}}],"collection":[{"href":"https:\/\/www.fillesdelacroix-jeunes.com\/index.php\/wp-json\/wp\/v2\/pages"}],"about":[{"href":"https:\/\/www.fillesdelacroix-jeunes.com\/index.php\/wp-json\/wp\/v2\/types\/page"}],"author":[{"embeddable":true,"href":"https:\/\/www.fillesdelacroix-jeunes.com\/index.php\/wp-json\/wp\/v2\/users\/2"}],"replies":[{"embeddable":true,"href":"https:\/\/www.fillesdelacroix-jeunes.com\/index.php\/wp-json\/wp\/v2\/comments?post=27940"}],"version-history":[{"count":25,"href":"https:\/\/www.fillesdelacroix-jeunes.com\/index.php\/wp-json\/wp\/v2\/pages\/27940\/revisions"}],"predecessor-version":[{"id":28016,"href":"https:\/\/www.fillesdelacroix-jeunes.com\/index.php\/wp-json\/wp\/v2\/pages\/27940\/revisions\/28016"}],"wp:featuredmedia":[{"embeddable":true,"href":"https:\/\/www.fillesdelacroix-jeunes.com\/index.php\/wp-json\/wp\/v2\/media\/27928"}],"wp:attachment":[{"href":"https:\/\/www.fillesdelacroix-jeunes.com\/index.php\/wp-json\/wp\/v2\/media?parent=27940"}],"curies":[{"name":"wp","href":"https:\/\/api.w.org\/{rel}","templated":true}]}}