{"id":715,"date":"2020-07-07T22:45:14","date_gmt":"2020-07-07T20:45:14","guid":{"rendered":"http:\/\/www.fillesdelacroix-jeunes.com\/?page_id=715"},"modified":"2020-07-16T20:17:36","modified_gmt":"2020-07-16T18:17:36","slug":"un-nom","status":"publish","type":"page","link":"https:\/\/www.fillesdelacroix-jeunes.com\/index.php\/un-nom\/","title":{"rendered":"Un nom"},"content":{"rendered":"\t\t<div data-elementor-type=\"wp-page\" data-elementor-id=\"715\" class=\"elementor elementor-715\">\n\t\t\t\t\t\t<section class=\"elementor-section elementor-top-section elementor-element elementor-element-3c35ebd elementor-section-boxed elementor-section-height-default elementor-section-height-default\" data-id=\"3c35ebd\" data-element_type=\"section\" data-e-type=\"section\">\n\t\t\t\t\t\t<div class=\"elementor-container elementor-column-gap-default\">\n\t\t\t\t\t<div class=\"elementor-column elementor-col-50 elementor-top-column elementor-element elementor-element-0630236\" data-id=\"0630236\" data-element_type=\"column\" data-e-type=\"column\">\n\t\t\t<div class=\"elementor-widget-wrap elementor-element-populated\">\n\t\t\t\t\t\t<div class=\"elementor-element elementor-element-3ae9f4a elementor-widget elementor-widget-heading\" data-id=\"3ae9f4a\" data-element_type=\"widget\" data-e-type=\"widget\" data-widget_type=\"heading.default\">\n\t\t\t\t<div class=\"elementor-widget-container\">\n\t\t\t\t\t<h1 class=\"elementor-heading-title elementor-size-default\"><h1>\"FILLES DE LA CROIX\" : UN NOM<h1><\/h1>\t\t\t\t<\/div>\n\t\t\t\t<\/div>\n\t\t\t\t\t<\/div>\n\t\t<\/div>\n\t\t\t\t<div class=\"elementor-column elementor-col-50 elementor-top-column elementor-element elementor-element-f4df00c\" data-id=\"f4df00c\" data-element_type=\"column\" data-e-type=\"column\">\n\t\t\t<div class=\"elementor-widget-wrap elementor-element-populated\">\n\t\t\t\t\t\t<div class=\"elementor-element elementor-element-96fdabd elementor-hidden-tablet elementor-hidden-phone elementor-widget-divider--separator-type-pattern elementor-widget-divider--view-line elementor-widget elementor-widget-divider\" data-id=\"96fdabd\" data-element_type=\"widget\" data-e-type=\"widget\" data-widget_type=\"divider.default\">\n\t\t\t\t<div class=\"elementor-widget-container\">\n\t\t\t\t\t\t\t<div class=\"elementor-divider\" style=\"--divider-pattern-url: url(&quot;data:image\/svg+xml,%3Csvg xmlns=&#039;http:\/\/www.w3.org\/2000\/svg&#039; preserveAspectRatio=&#039;none&#039; overflow=&#039;visible&#039; height=&#039;100%&#039; viewBox=&#039;0 0 20 16&#039; fill=&#039;none&#039; stroke=&#039;black&#039; stroke-width=&#039;1&#039; stroke-linecap=&#039;square&#039; stroke-miterlimit=&#039;10&#039;%3E%3Cg transform=&#039;translate(-12.000000, 0)&#039;%3E%3Cpath d=&#039;M28,0L10,18&#039;\/%3E%3Cpath d=&#039;M18,0L0,18&#039;\/%3E%3Cpath d=&#039;M48,0L30,18&#039;\/%3E%3Cpath d=&#039;M38,0L20,18&#039;\/%3E%3C\/g%3E%3C\/svg%3E&quot;);\">\n\t\t\t<span class=\"elementor-divider-separator\">\n\t\t\t\t\t\t<\/span>\n\t\t<\/div>\n\t\t\t\t\t\t<\/div>\n\t\t\t\t<\/div>\n\t\t\t\t\t<\/div>\n\t\t<\/div>\n\t\t\t\t\t<\/div>\n\t\t<\/section>\n\t\t\t\t<section class=\"elementor-section elementor-top-section elementor-element elementor-element-99820b9 elementor-section-boxed elementor-section-height-default elementor-section-height-default\" data-id=\"99820b9\" data-element_type=\"section\" data-e-type=\"section\">\n\t\t\t\t\t\t<div class=\"elementor-container elementor-column-gap-default\">\n\t\t\t\t\t<div class=\"elementor-column elementor-col-50 elementor-top-column elementor-element elementor-element-627ccd2\" data-id=\"627ccd2\" data-element_type=\"column\" data-e-type=\"column\">\n\t\t\t<div class=\"elementor-widget-wrap elementor-element-populated\">\n\t\t\t\t\t\t<div class=\"elementor-element elementor-element-964d32c elementor-widget elementor-widget-text-editor\" data-id=\"964d32c\" data-element_type=\"widget\" data-e-type=\"widget\" data-widget_type=\"text-editor.default\">\n\t\t\t\t<div class=\"elementor-widget-container\">\n\t\t\t\t\t\t\t\t\t<h3>Un nom !<\/h3><p style=\"clear: both; text-align: left;\">Le nom dit l\u2019identit\u00e9 d\u2019une personne, d\u2019une famille.<\/p><h3>La Croix<\/h3><p style=\"clear: both; text-align: left;\">La Croix est au coeur de tout, J\u00e9sus sur la Croix ! J\u00e9sus qui aime, \u00e0 l\u2019extr\u00eame du don !<\/p><p>Nous sommes n\u00e9es dans cet amour-l\u00e0. J\u00e9sus nous aime<\/p>\t\t\t\t\t\t\t\t<\/div>\n\t\t\t\t<\/div>\n\t\t\t\t\t<\/div>\n\t\t<\/div>\n\t\t\t\t<div class=\"elementor-column elementor-col-50 elementor-top-column elementor-element elementor-element-44ed908\" data-id=\"44ed908\" data-element_type=\"column\" data-e-type=\"column\">\n\t\t\t<div class=\"elementor-widget-wrap elementor-element-populated\">\n\t\t\t\t\t\t<div class=\"elementor-element elementor-element-f94b5ad elementor-widget elementor-widget-video\" data-id=\"f94b5ad\" data-element_type=\"widget\" data-e-type=\"widget\" data-settings=\"{&quot;youtube_url&quot;:&quot;https:\\\/\\\/www.youtube.com\\\/watch?v=EuXdtdJmAb8&quot;,&quot;autoplay&quot;:&quot;yes&quot;,&quot;mute&quot;:&quot;yes&quot;,&quot;video_type&quot;:&quot;youtube&quot;,&quot;controls&quot;:&quot;yes&quot;}\" data-widget_type=\"video.default\">\n\t\t\t\t<div class=\"elementor-widget-container\">\n\t\t\t\t\t\t\t<div class=\"elementor-wrapper elementor-open-inline\">\n\t\t\t<div class=\"elementor-video\"><\/div>\t\t<\/div>\n\t\t\t\t\t\t<\/div>\n\t\t\t\t<\/div>\n\t\t\t\t\t<\/div>\n\t\t<\/div>\n\t\t\t\t\t<\/div>\n\t\t<\/section>\n\t\t\t\t<section class=\"elementor-section elementor-top-section elementor-element elementor-element-fed29f6 elementor-section-boxed elementor-section-height-default elementor-section-height-default\" data-id=\"fed29f6\" data-element_type=\"section\" data-e-type=\"section\">\n\t\t\t\t\t\t<div class=\"elementor-container elementor-column-gap-default\">\n\t\t\t\t\t<div class=\"elementor-column elementor-col-100 elementor-top-column elementor-element elementor-element-700a01a\" data-id=\"700a01a\" data-element_type=\"column\" data-e-type=\"column\">\n\t\t\t<div class=\"elementor-widget-wrap elementor-element-populated\">\n\t\t\t\t\t\t<div class=\"elementor-element elementor-element-e0d4e58 elementor-widget elementor-widget-text-editor\" data-id=\"e0d4e58\" data-element_type=\"widget\" data-e-type=\"widget\" data-widget_type=\"text-editor.default\">\n\t\t\t\t<div class=\"elementor-widget-container\">\n\t\t\t\t\t\t\t\t\t<h2>Ensemble Soeur ! En famille, en Eglise !<\/h2>\n<p>La Vie na\u00eet du coeur ouvert de J\u00e9sus. N\u00e9es pour \u00eatre aupr\u00e8s et avec les autres.<br>Soeurs dans les travers\u00e9es de la mort, de la blessure, des chemins d\u2019angoisse, vers la Vie, le bonheur, la joie, l\u2019esp\u00e9rance d\u2019un avenir !<br>De la blessure de la Croix na\u00eet la Vie\u2026 Avoir la Vie ! Rebondir dans la Vie. Esp\u00e9rer. Re-Na\u00eetre !<\/p>\n<h3>Allons plus loin\u2026<\/h3>\n<p style=\"clear: both; text-align: left;\">Notre nom dit notre enracinement dans tout le Myst\u00e8re du Christ depuis sa naissance jusqu\u2019\u00e0 sa R\u00e9surrection. Myst\u00e8re du Christ qui traverse notre humanit\u00e9 dans la proximit\u00e9.<\/p>\n<p style=\"clear: both; text-align: center;\"><em>\u00ab La Croix , lieu o\u00f9 le Christ nous r\u00e9v\u00e8le de quel Amour nous sommes aim\u00e9s du P\u00e8re qui donne son Fils, le Bien-aim\u00e9. \u00bb (Cf. Esprit et Vie)<\/em><\/p>\t\t\t\t\t\t\t\t<\/div>\n\t\t\t\t<\/div>\n\t\t\t\t\t<\/div>\n\t\t<\/div>\n\t\t\t\t\t<\/div>\n\t\t<\/section>\n\t\t\t\t<\/div>\n\t\t","protected":false},"excerpt":{"rendered":"<p>\u00ab\u00a0FILLES DE LA CROIX\u00a0\u00bb : UN NOM Un nom ! Le nom dit l\u2019identit\u00e9 d\u2019une personne, d\u2019une famille. La Croix La Croix est au coeur de tout, J\u00e9sus sur la [&hellip;]<\/p>\n","protected":false},"author":2,"featured_media":0,"parent":0,"menu_order":0,"comment_status":"closed","ping_status":"closed","template":"page-templates\/template-pagebuilder-full-width.php","meta":{"_price":"","_stock":"","_tribe_ticket_header":"","_tribe_default_ticket_provider":"","_tribe_ticket_capacity":"0","_ticket_start_date":"","_ticket_end_date":"","_tribe_ticket_show_description":"","_tribe_ticket_show_not_going":false,"_tribe_ticket_use_global_stock":"","_tribe_ticket_global_stock_level":"","_global_stock_mode":"","_global_stock_cap":"","_tribe_rsvp_for_event":"","_tribe_ticket_going_count":"","_tribe_ticket_not_going_count":"","_tribe_tickets_list":"[]","_tribe_ticket_has_attendee_info_fields":false,"cybocfi_hide_featured_image":"","footnotes":"","_tec_slr_enabled":"","_tec_slr_layout":""},"class_list":["post-715","page","type-page","status-publish","hentry"],"ticketed":false,"_links":{"self":[{"href":"https:\/\/www.fillesdelacroix-jeunes.com\/index.php\/wp-json\/wp\/v2\/pages\/715","targetHints":{"allow":["GET"]}}],"collection":[{"href":"https:\/\/www.fillesdelacroix-jeunes.com\/index.php\/wp-json\/wp\/v2\/pages"}],"about":[{"href":"https:\/\/www.fillesdelacroix-jeunes.com\/index.php\/wp-json\/wp\/v2\/types\/page"}],"author":[{"embeddable":true,"href":"https:\/\/www.fillesdelacroix-jeunes.com\/index.php\/wp-json\/wp\/v2\/users\/2"}],"replies":[{"embeddable":true,"href":"https:\/\/www.fillesdelacroix-jeunes.com\/index.php\/wp-json\/wp\/v2\/comments?post=715"}],"version-history":[{"count":11,"href":"https:\/\/www.fillesdelacroix-jeunes.com\/index.php\/wp-json\/wp\/v2\/pages\/715\/revisions"}],"predecessor-version":[{"id":967,"href":"https:\/\/www.fillesdelacroix-jeunes.com\/index.php\/wp-json\/wp\/v2\/pages\/715\/revisions\/967"}],"wp:attachment":[{"href":"https:\/\/www.fillesdelacroix-jeunes.com\/index.php\/wp-json\/wp\/v2\/media?parent=715"}],"curies":[{"name":"wp","href":"https:\/\/api.w.org\/{rel}","templated":true}]}}