{"id":722,"date":"2020-07-07T22:45:14","date_gmt":"2020-07-07T20:45:14","guid":{"rendered":"http:\/\/www.fillesdelacroix-jeunes.com\/?page_id=722"},"modified":"2023-12-10T11:43:06","modified_gmt":"2023-12-10T10:43:06","slug":"scolaire","status":"publish","type":"page","link":"https:\/\/www.fillesdelacroix-jeunes.com\/index.php\/scolaire\/","title":{"rendered":"Scolaire"},"content":{"rendered":"\t\t<div data-elementor-type=\"wp-page\" data-elementor-id=\"722\" class=\"elementor elementor-722\">\n\t\t\t\t\t\t<section class=\"elementor-section elementor-top-section elementor-element elementor-element-68ba6b1 elementor-section-boxed elementor-section-height-default elementor-section-height-default\" data-id=\"68ba6b1\" data-element_type=\"section\" data-e-type=\"section\">\n\t\t\t\t\t\t<div class=\"elementor-container elementor-column-gap-default\">\n\t\t\t\t\t<div class=\"elementor-column elementor-col-100 elementor-top-column elementor-element elementor-element-4668f92\" data-id=\"4668f92\" data-element_type=\"column\" data-e-type=\"column\">\n\t\t\t<div class=\"elementor-widget-wrap elementor-element-populated\">\n\t\t\t\t\t\t<div class=\"elementor-element elementor-element-7191a03 elementor-widget elementor-widget-heading\" data-id=\"7191a03\" data-element_type=\"widget\" data-e-type=\"widget\" data-widget_type=\"heading.default\">\n\t\t\t\t<div class=\"elementor-widget-container\">\n\t\t\t\t\t<h2 class=\"elementor-heading-title elementor-size-default\">Les \u00e9tablissements scolaires sous tutelle des Filles de la Croix<\/h2>\t\t\t\t<\/div>\n\t\t\t\t<\/div>\n\t\t\t\t\t<\/div>\n\t\t<\/div>\n\t\t\t\t\t<\/div>\n\t\t<\/section>\n\t\t<div class=\"elementor-element elementor-element-b2bb298 e-flex e-con-boxed e-con e-parent\" data-id=\"b2bb298\" data-element_type=\"container\" data-e-type=\"container\">\n\t\t\t\t\t<div class=\"e-con-inner\">\n\t\t\t\t<div class=\"elementor-element elementor-element-3f2ec6a elementor-widget elementor-widget-obfx-posts-grid\" data-id=\"3f2ec6a\" data-element_type=\"widget\" data-e-type=\"widget\" data-widget_type=\"obfx-posts-grid.default\">\n\t\t\t\t<div class=\"elementor-widget-container\">\n\t\t\t\t\t<div class=\"obfx-grid\"><div class=\"obfx-grid-container obfx-grid-style-list obfx-grid-desktop-3\"><div class=\"obfx-grid-wrapper\"><article class=\"obfx-grid-col\"><div class=\"obfx-grid-col-image\" style=\"\"><a href=\"https:\/\/www.fillesdelacroix-jeunes.com\/index.php\/2023\/11\/26\/les-jeunes-fetent-les-fondateurs-a-mantes-la-jolie\/\" title=\"Les jeunes f\u00eatent les Fondateurs \u00e0 Mantes-La-Jolie !\"><img fetchpriority=\"high\" decoding=\"async\" width=\"625\" height=\"318\" src=\"https:\/\/www.fillesdelacroix-jeunes.com\/wp-content\/uploads\/2023\/11\/ecolesenfants.jpg\" class=\"img-responsive wp-post-image\" alt=\"ecolesenfants\" srcset=\"https:\/\/www.fillesdelacroix-jeunes.com\/wp-content\/uploads\/2023\/11\/ecolesenfants.jpg 625w, https:\/\/www.fillesdelacroix-jeunes.com\/wp-content\/uploads\/2023\/11\/ecolesenfants-300x153.jpg 300w\" sizes=\"(max-width: 625px) 100vw, 625px\" \/><\/a><\/div><div class=\"obfx-grid-col-content\">\t\t\t<h2 class=\"entry-title obfx-grid-title\">\n\t\t\t\t\t\t\t<a href=\"https:\/\/www.fillesdelacroix-jeunes.com\/index.php\/2023\/11\/26\/les-jeunes-fetent-les-fondateurs-a-mantes-la-jolie\/\" title=\"Les jeunes f\u00eatent les Fondateurs \u00e0 Mantes-La-Jolie !\">\n\t\t\t\t\tLes jeunes f\u00eatent les Fondateurs \u00e0 Mantes-La-Jolie !\t\t\t\t<\/a>\n\t\t\t\t\t\t\t<\/h2>\n\t\t\t\t\t\t\t<div class=\"entry-meta obfx-grid-meta\">\n\n\t\t\t\t\t\t\t\t\t\t\t\t\t<span class=\"obfx-grid-author\">\n\t\t\t\t\t\t\t\t\t<i class=\"fas fa-user\"><\/i>Vincent\t\t\t\t\t\t\t\t<\/span>\n\t\t\t\t\t\t\t\t\t\t\t\t\t\t\t\t<span class=\"obfx-grid-date\">\n\t\t\t\t\t\t\t\t\t<i class=\"fas fa-calendar\"><\/i>26\/11\/2023\t\t\t\t\t\t\t\t<\/span>\n\t\t\t\t\t\t\t\t\n\t\t\t\t<\/div>\n\t\t\t\t\t\t\t<div class=\"entry-content obfx-grid-content\">\n\t\t\t\tSainte Jeanne-Elisabeth et Saint Andr\u00e9-Hubert, les Fondateurs ainsi que la bienheureuse Maria-Laura, Fille de la Croix, ont \u00e9t\u00e9 f\u00eat\u00e9s dans les \u00e9tablissements scolaires sous tutelle des Filles de la Croix,\u2026\t\t\t<\/div>\n\t\t\t<\/div><\/article><\/div><\/div><!-- .obfx-grid-container --><\/div><!-- .obfx-grid -->\t\t\t\t<\/div>\n\t\t\t\t<\/div>\n\t\t\t\t\t<\/div>\n\t\t\t\t<\/div>\n\t\t\t\t<section class=\"elementor-section elementor-top-section elementor-element elementor-element-d3141aa elementor-section-boxed elementor-section-height-default elementor-section-height-default\" data-id=\"d3141aa\" data-element_type=\"section\" data-e-type=\"section\">\n\t\t\t\t\t\t<div class=\"elementor-container elementor-column-gap-default\">\n\t\t\t\t\t<div class=\"elementor-column elementor-col-100 elementor-top-column elementor-element elementor-element-977e6af\" data-id=\"977e6af\" data-element_type=\"column\" data-e-type=\"column\">\n\t\t\t<div class=\"elementor-widget-wrap elementor-element-populated\">\n\t\t\t\t\t\t<div class=\"elementor-element elementor-element-3bc1fda elementor-widget elementor-widget-shortcode\" data-id=\"3bc1fda\" data-element_type=\"widget\" data-e-type=\"widget\" data-widget_type=\"shortcode.default\">\n\t\t\t\t<div class=\"elementor-widget-container\">\n\t\t\t\t\t\t\t<div class=\"elementor-shortcode\"><div id=\"wp_osm_\" class=\"wp_osm\" style=\"width: 100%; height: 500px\" data-lon=\"5861960\" data-lat=\"216944\" data-zoom=\"6\">\r\n\r\n\t<div class=\"ol-popup\">\r\n\r\n\t    <a href=\"#\" class=\"ol-popup-closer\"><\/a>\r\n\r\n\t    <div class=\"popup-content\"><\/div>\r\n\r\n\t<\/div>\r\n\r\n\t<div class=\"marker\" data-icon=\"https:\/\/www.fillesdelacroix-jeunes.com\/wp-content\/plugins\/wp-open-street-map\/images\/markers\/marker.png\" data-lon=\"-115626\" data-lat=\"5414620\" data-name=\"Lyc\u00e9e professionnel rural \u201cSainte Elisabeth\u201d \u00e0 Sai\" data-description=\"www.lycee-sainte-elisabeth.com\"><\/div><div class=\"marker\" data-icon=\"https:\/\/www.fillesdelacroix-jeunes.com\/wp-content\/plugins\/wp-open-street-map\/images\/markers\/marker.png\" data-lon=\"-23092\" data-lat=\"5331360\" data-name=\"Ensemble Scolaire Le Beau Rameau \u00e0 B\u00e9tharram, Mont\" data-description=\"www.beau-rameau.org\"><\/div><div class=\"marker\" data-icon=\"https:\/\/www.fillesdelacroix-jeunes.com\/wp-content\/plugins\/wp-open-street-map\/images\/markers\/marker.png\" data-lon=\"-162117\" data-lat=\"5372540\" data-name=\"Lyc\u00e9e polyvalent \u201cSaint Joseph\u201d \u00e0 Ustaritz (64)\" data-description=\"www.saintjo64.fr\"><\/div><div class=\"marker\" data-icon=\"https:\/\/www.fillesdelacroix-jeunes.com\/wp-content\/plugins\/wp-open-street-map\/images\/markers\/marker.png\" data-lon=\"148091\" data-lat=\"5405590\" data-name=\"\u00c9cole et coll\u00e8ge Sainte Th\u00e9r\u00e8se de Colomiers (31)\" data-description=\"www.stetheresecolomiers.net\"><\/div><div class=\"marker\" data-icon=\"https:\/\/www.fillesdelacroix-jeunes.com\/wp-content\/plugins\/wp-open-street-map\/images\/markers\/marker.png\" data-lon=\"257702\" data-lat=\"6248950\" data-name=\"\u00c9cole, Coll\u00e8ge, lyc\u00e9e g\u00e9n\u00e9ral et lyc\u00e9e technologiq\" data-description=\"www.sainte-jeanne-elisabeth.com\"><\/div><div class=\"marker\" data-icon=\"https:\/\/www.fillesdelacroix-jeunes.com\/wp-content\/plugins\/wp-open-street-map\/images\/markers\/marker.png\" data-lon=\"191504\" data-lat=\"6273210\" data-name=\"\u00c9cole Coll\u00e8ge, lyc\u00e9e g\u00e9n\u00e9ral, lyc\u00e9e professionel e\" data-description=\"www.notre-dame-mantes.com\"><\/div><div class=\"marker\" data-icon=\"https:\/\/www.fillesdelacroix-jeunes.com\/wp-content\/plugins\/wp-open-street-map\/images\/markers\/marker.png\" data-lon=\"275630\" data-lat=\"6242850\" data-name=\"\u00c9cole et coll\u00e8ge Saint Andr\u00e9 Saint-Maur-des-Foss\u00e9s\" data-description=\"www.standre-stmaur.org\"><\/div><div class=\"marker\" data-icon=\"https:\/\/www.fillesdelacroix-jeunes.com\/wp-content\/plugins\/wp-open-street-map\/images\/markers\/marker.png\" data-lon=\"267742\" data-lat=\"6234790\" data-name=\"\u00c9cole, coll\u00e8ge et lyc\u00e9e g\u00e9n\u00e9ral Saint Andr\u00e9 de Cho\" data-description=\"www.st-andre-choisy.fr\"><\/div><div class=\"marker\" data-icon=\"https:\/\/www.fillesdelacroix-jeunes.com\/wp-content\/plugins\/wp-open-street-map\/images\/markers\/marker.png\" data-lon=\"276837\" data-lat=\"6247390\" data-name=\"\u00c9cole et coll\u00e8ge Saint Andr\u00e9 de Nogent Sur Marne (\" data-description=\"www.standre-nogent.fr\"><\/div>\r\n<\/div><\/div>\n\t\t\t\t\t\t<\/div>\n\t\t\t\t<\/div>\n\t\t\t\t\t<\/div>\n\t\t<\/div>\n\t\t\t\t\t<\/div>\n\t\t<\/section>\n\t\t\t\t<section class=\"elementor-section elementor-top-section elementor-element elementor-element-31972df elementor-section-boxed elementor-section-height-default elementor-section-height-default\" data-id=\"31972df\" data-element_type=\"section\" data-e-type=\"section\">\n\t\t\t\t\t\t<div class=\"elementor-container elementor-column-gap-default\">\n\t\t\t\t\t<div class=\"elementor-column elementor-col-50 elementor-top-column elementor-element elementor-element-3bb98b9\" data-id=\"3bb98b9\" data-element_type=\"column\" data-e-type=\"column\">\n\t\t\t<div class=\"elementor-widget-wrap elementor-element-populated\">\n\t\t\t\t\t\t<div class=\"elementor-element elementor-element-e961034 elementor-widget elementor-widget-heading\" data-id=\"e961034\" data-element_type=\"widget\" data-e-type=\"widget\" data-widget_type=\"heading.default\">\n\t\t\t\t<div class=\"elementor-widget-container\">\n\t\t\t\t\t<h2 class=\"elementor-heading-title elementor-size-default\">Sud Ouest<\/h2>\t\t\t\t<\/div>\n\t\t\t\t<\/div>\n\t\t\t\t\t<\/div>\n\t\t<\/div>\n\t\t\t\t<div class=\"elementor-column elementor-col-50 elementor-top-column elementor-element elementor-element-3c62089\" data-id=\"3c62089\" data-element_type=\"column\" data-e-type=\"column\">\n\t\t\t<div class=\"elementor-widget-wrap elementor-element-populated\">\n\t\t\t\t\t\t<div class=\"elementor-element elementor-element-0383603 elementor-widget elementor-widget-heading\" data-id=\"0383603\" data-element_type=\"widget\" data-e-type=\"widget\" data-widget_type=\"heading.default\">\n\t\t\t\t<div class=\"elementor-widget-container\">\n\t\t\t\t\t<h2 class=\"elementor-heading-title elementor-size-default\">Paris et sa r\u00e9gion<\/h2>\t\t\t\t<\/div>\n\t\t\t\t<\/div>\n\t\t\t\t\t<\/div>\n\t\t<\/div>\n\t\t\t\t\t<\/div>\n\t\t<\/section>\n\t\t\t\t<section class=\"elementor-section elementor-top-section elementor-element elementor-element-aaa9874 elementor-section-boxed elementor-section-height-default elementor-section-height-default\" data-id=\"aaa9874\" data-element_type=\"section\" data-e-type=\"section\">\n\t\t\t\t\t\t<div class=\"elementor-container elementor-column-gap-default\">\n\t\t\t\t\t<div class=\"elementor-column elementor-col-50 elementor-top-column elementor-element elementor-element-9d8bf06\" data-id=\"9d8bf06\" data-element_type=\"column\" data-e-type=\"column\">\n\t\t\t<div class=\"elementor-widget-wrap elementor-element-populated\">\n\t\t\t\t\t\t<div class=\"elementor-element elementor-element-d442694 elementor-widget elementor-widget-text-editor\" data-id=\"d442694\" data-element_type=\"widget\" data-e-type=\"widget\" data-widget_type=\"text-editor.default\">\n\t\t\t\t<div class=\"elementor-widget-container\">\n\t\t\t\t\t\t\t\t\t<p>Lyc\u00e9e professionnel rural \u201cSainte Elisabeth\u201d \u00e0 Saint-Pandelon (40)<a href=\"http:\/\/lycee-sainte-elisabeth.com\/\" target=\"_blank\" rel=\"noopener noreferrer\"><br \/>www.lycee-sainte-elisabeth.com<\/a><\/p><p>Ensemble Scolaire Le Beau Rameau \u00e0 B\u00e9tharram, Montaut et Igon (64)<a href=\"http:\/\/www.beau-rameau.org\" target=\"_blank\" rel=\"noopener noreferrer\"><br \/>www.beau-rameau.org<\/a><\/p><p>Lyc\u00e9e\u00a0polyvalent \u201cSaint Joseph\u201d \u00e0 Ustaritz (64)<br \/><a href=\"http:\/\/www.saintjo64.fr\" target=\"_blank\" rel=\"noopener noreferrer\">www.saintjo64.fr<\/a><\/p><p>\u00c9cole\u00a0 et coll\u00e8ge Sainte Th\u00e9r\u00e8se de Colomiers<a href=\"http:\/\/stetherese.colomiers.free.fr\" target=\"_blank\" rel=\"noopener noreferrer\"> (31)<br \/>www.stetheresecolomiers.net<\/a><\/p>\t\t\t\t\t\t\t\t<\/div>\n\t\t\t\t<\/div>\n\t\t\t\t\t<\/div>\n\t\t<\/div>\n\t\t\t\t<div class=\"elementor-column elementor-col-50 elementor-top-column elementor-element elementor-element-efef438\" data-id=\"efef438\" data-element_type=\"column\" data-e-type=\"column\">\n\t\t\t<div class=\"elementor-widget-wrap elementor-element-populated\">\n\t\t\t\t\t\t<div class=\"elementor-element elementor-element-da6b05f elementor-widget elementor-widget-text-editor\" data-id=\"da6b05f\" data-element_type=\"widget\" data-e-type=\"widget\" data-widget_type=\"text-editor.default\">\n\t\t\t\t<div class=\"elementor-widget-container\">\n\t\t\t\t\t\t\t\t\t<div><p>\u00c9cole, Coll\u00e8ge, lyc\u00e9e g\u00e9n\u00e9ral et lyc\u00e9e technologique Sainte Jeanne Elisabeth de Paris (75)<br \/><a href=\"http:\/\/www.ste-jeanne-elisabeth.com\/\" target=\"_blank\" rel=\"noopener noreferrer\">www.sainte-jeanne-elisabeth.com<\/a>\u00a0\/\/ D\u00e9couvrez l&rsquo;\u00e9cole Ste Jeanne Elisabeth &#8211; Paris avec son blog <a href=\"https:\/\/lepuyedescience.blogspot.com\/\">Le Puye de Science<\/a><\/p><p><a href=\"https:\/\/www.fillesdelacroix-jeunes.com\/wp-content\/uploads\/2021\/11\/logopuyedescience.jpg\"><img decoding=\"async\" class=\"alignright\" src=\"https:\/\/www.fillesdelacroix-jeunes.com\/wp-content\/uploads\/2021\/11\/logopuyedescience.jpg\" alt=\"\" width=\"135\" height=\"78\" \/><\/a><\/p><p>\u00c9cole Coll\u00e8ge, lyc\u00e9e g\u00e9n\u00e9ral, lyc\u00e9e professionel et lyc\u00e9e technique Notre Dame de Mantes la Jolie (78)<a href=\"http:\/\/www.notre-dame-mantes.com\/\" target=\"_blank\" rel=\"noopener noreferrer\"><br \/>www.notre-dame-mantes.com<\/a><\/p><p>\u00c9cole et coll\u00e8ge Saint Andr\u00e9 Saint-Maur-des-Foss\u00e9s (94)<a href=\"http:\/\/www.standre-stmaur.org\/\" target=\"_blank\" rel=\"noopener noreferrer\"><br \/>www.standre-stmaur.org<\/a><\/p><p>\u00c9cole, coll\u00e8ge et lyc\u00e9e g\u00e9n\u00e9ral Saint Andr\u00e9 de Choisy-le-Roi (94)<br \/><a href=\"http:\/\/st-andre-choisy.fr\/\" target=\"_blank\" rel=\"noopener noreferrer\">www.st-andre-choisy.fr<\/a><\/p><p>\u00c9cole et coll\u00e8ge Saint Andr\u00e9 de Nogent Sur Marne (94)<br \/><a href=\"http:\/\/www.standre-nogent.fr\/\" target=\"_blank\" rel=\"noopener noreferrer\">www.standre-nogent.fr<\/a><\/p><\/div>\t\t\t\t\t\t\t\t<\/div>\n\t\t\t\t<\/div>\n\t\t\t\t\t<\/div>\n\t\t<\/div>\n\t\t\t\t\t<\/div>\n\t\t<\/section>\n\t\t\t\t<\/div>\n\t\t","protected":false},"excerpt":{"rendered":"<p>Les \u00e9tablissements scolaires sous tutelle des Filles de la Croix Les jeunes f\u00eatent les Fondateurs \u00e0 Mantes-La-Jolie ! RAMBEAUD 26\/11\/2023 Sainte Jeanne-Elisabeth et Saint Andr\u00e9-Hubert, les Fondateurs ainsi que la [&hellip;]<\/p>\n","protected":false},"author":2,"featured_media":0,"parent":0,"menu_order":0,"comment_status":"closed","ping_status":"closed","template":"page-templates\/template-pagebuilder-full-width.php","meta":{"_price":"","_stock":"","_tribe_ticket_header":"","_tribe_default_ticket_provider":"","_tribe_ticket_capacity":"0","_ticket_start_date":"","_ticket_end_date":"","_tribe_ticket_show_description":"","_tribe_ticket_show_not_going":false,"_tribe_ticket_use_global_stock":"","_tribe_ticket_global_stock_level":"","_global_stock_mode":"","_global_stock_cap":"","_tribe_rsvp_for_event":"","_tribe_ticket_going_count":"","_tribe_ticket_not_going_count":"","_tribe_tickets_list":"[]","_tribe_ticket_has_attendee_info_fields":false,"cybocfi_hide_featured_image":"","footnotes":"","_tec_slr_enabled":"","_tec_slr_layout":""},"class_list":["post-722","page","type-page","status-publish","hentry"],"ticketed":false,"_links":{"self":[{"href":"https:\/\/www.fillesdelacroix-jeunes.com\/index.php\/wp-json\/wp\/v2\/pages\/722","targetHints":{"allow":["GET"]}}],"collection":[{"href":"https:\/\/www.fillesdelacroix-jeunes.com\/index.php\/wp-json\/wp\/v2\/pages"}],"about":[{"href":"https:\/\/www.fillesdelacroix-jeunes.com\/index.php\/wp-json\/wp\/v2\/types\/page"}],"author":[{"embeddable":true,"href":"https:\/\/www.fillesdelacroix-jeunes.com\/index.php\/wp-json\/wp\/v2\/users\/2"}],"replies":[{"embeddable":true,"href":"https:\/\/www.fillesdelacroix-jeunes.com\/index.php\/wp-json\/wp\/v2\/comments?post=722"}],"version-history":[{"count":14,"href":"https:\/\/www.fillesdelacroix-jeunes.com\/index.php\/wp-json\/wp\/v2\/pages\/722\/revisions"}],"predecessor-version":[{"id":28173,"href":"https:\/\/www.fillesdelacroix-jeunes.com\/index.php\/wp-json\/wp\/v2\/pages\/722\/revisions\/28173"}],"wp:attachment":[{"href":"https:\/\/www.fillesdelacroix-jeunes.com\/index.php\/wp-json\/wp\/v2\/media?parent=722"}],"curies":[{"name":"wp","href":"https:\/\/api.w.org\/{rel}","templated":true}]}}